{"id":342,"date":"2022-01-11T19:43:06","date_gmt":"2022-01-11T19:43:06","guid":{"rendered":"https:\/\/themexriver.com\/wp\/nextlaw\/?page_id=342"},"modified":"2025-08-29T14:21:03","modified_gmt":"2025-08-29T14:21:03","slug":"about-us","status":"publish","type":"page","link":"https:\/\/www.jwlg.co\/es\/about-us\/","title":{"rendered":"Acerca de Nosotros"},"content":{"rendered":"<div data-elementor-type=\"wp-page\" data-elementor-id=\"342\" class=\"elementor elementor-342\" data-elementor-post-type=\"page\">\n\t\t\t\t\t\t<section class=\"elementor-section elementor-top-section elementor-element elementor-element-ac67ae8 elementor-section-height-min-height elementor-section-boxed elementor-section-height-default elementor-section-items-middle\" data-id=\"ac67ae8\" data-element_type=\"section\" data-settings=\"{&quot;background_background&quot;:&quot;classic&quot;}\">\n\t\t\t\t\t\t\t<div class=\"elementor-background-overlay\"><\/div>\n\t\t\t\t\t\t\t<div class=\"elementor-container elementor-column-gap-no\">\n\t\t\t\t\t<div class=\"elementor-column elementor-col-100 elementor-top-column elementor-element elementor-element-5b2d40f\" data-id=\"5b2d40f\" data-element_type=\"column\">\n\t\t\t<div class=\"elementor-widget-wrap elementor-element-populated\">\n\t\t\t\t\t\t<div class=\"elementor-element elementor-element-50b08d4 elementor-invisible elementor-widget elementor-widget-heading\" data-id=\"50b08d4\" data-element_type=\"widget\" data-settings=\"{&quot;_animation&quot;:&quot;fadeInLeft&quot;}\" data-widget_type=\"heading.default\">\n\t\t\t\t<div class=\"elementor-widget-container\">\n\t\t\t\t\t<h2 class=\"elementor-heading-title elementor-size-default\"><br><br>\n\n<\/h2>\t\t\t\t<\/div>\n\t\t\t\t<\/div>\n\t\t\t\t\t<\/div>\n\t\t<\/div>\n\t\t\t\t\t<\/div>\n\t\t<\/section>\n\t\t\t\t<section class=\"elementor-section elementor-top-section elementor-element elementor-element-f81b635 elementor-section-boxed elementor-section-height-default elementor-section-height-default\" data-id=\"f81b635\" data-element_type=\"section\" data-settings=\"{&quot;background_background&quot;:&quot;classic&quot;}\">\n\t\t\t\t\t\t\t<div class=\"elementor-background-overlay\"><\/div>\n\t\t\t\t\t\t\t<div class=\"elementor-container elementor-column-gap-default\">\n\t\t\t\t\t<div class=\"elementor-column elementor-col-100 elementor-top-column elementor-element elementor-element-be4d7b7\" data-id=\"be4d7b7\" data-element_type=\"column\" data-settings=\"{&quot;background_background&quot;:&quot;classic&quot;}\">\n\t\t\t<div class=\"elementor-widget-wrap elementor-element-populated\">\n\t\t\t\t\t<div class=\"elementor-background-overlay\"><\/div>\n\t\t\t\t\t\t<div class=\"elementor-element elementor-element-44f9f63 elementor-widget elementor-widget-nextlaw_about_us\" data-id=\"44f9f63\" data-element_type=\"widget\" data-widget_type=\"nextlaw_about_us.default\">\n\t\t\t\t<div class=\"elementor-widget-container\">\n\t\t\t\t\t\n    <!-- About Section -->\n    <section class=\"about-section\">\n                <div class=\"auto-container\">\n            <div class=\"row clearfix\">\n                <!-- Image Column -->\n                <div class=\"image-column col-lg-5 col-md-12 col-sm-12\">\n                    <div class=\"inner-column\">\n                                                <div class=\"image titlt\" data-tilt data-tilt-max=\"4\">\n                            <img decoding=\"async\" src=\"https:\/\/www.jwlg.co\/wp-content\/uploads\/2025\/08\/building.jpg\" alt=\"Awesome Image\" \/>\n                        <\/div>\n                                                                    <\/div>\n                <\/div>\n                <!-- Content Column -->\n                <div class=\"content-column col-lg-7 col-md-12 col-sm-12\">\n                    <div class=\"inner-column\">\n                                                <!-- Sec Title -->\n                        <div class=\"sec-title\">\n                                                        <h2>DONDE OIR\u00c1 LO QUE NECESITA ESCUCHAR<\/h2>                        <\/div>\n                                                <div class=\"row clearfix\">\n                            <!-- Column -->\n                            <div class=\"column col-lg-8 col-md-12 col-sm-12\">\n                                                                <div class=\"text\">\n                                     John Watson Law Group, LLC es un bufete de abogados especializado en diversas \u00e1reas del derecho, incluyendo lesiones personales y derecho comercial. Nuestros experimentados abogados ofrecer\u00e1n una consulta GRATUITA si as\u00ed lo desean. <br><br>\n\nNuestros abogados tienen m\u00e1s de 55 a\u00f1os de experiencia legal en total. Estamos comprometidos a proporcionar excelentes servicios desde el principio hasta el final de cada caso. Nuestro personal habla varios idiomas, incluyendo coreano, chino y espa\u00f1ol, lo que asegura que podemos atender a una clientela diversa.<br><br>\n\nEn nuestro bufete, priorizamos la protecci\u00f3n de los derechos de nuestros clientes y garantizamos que obtengan resultados legales. Ofrecemos servicios centrados en el cliente y prometemos hacer todo lo posible para satisfacer las demandas de nuestros clientes.                                <\/div>\n                                                                <!-- Signature Box -->\n                                                                <div class=\"signature-box\">\n                                    <div class=\"box-inner\">\n                                                                                                                                                                <span class=\"signature\">\n                                            <img decoding=\"async\" src=\"https:\/\/www.jwlg.co\/wp-content\/uploads\/2022\/04\/logo2.svg\" alt=\"Awesome Image\" >\n                                        <\/span>\n                                                                            <\/div>\n                                <\/div>\n                                                                <!-- Signature Box -->\n                            <\/div>\n                            <!-- Column -->\n                            <div class=\"column col-lg-4 col-md-12 col-sm-12\">\n                                <ul class=\"about-list\">\n                                                                        <li>\n                                        <b>Nuestra Misi\u00f3n<\/b>                                        <br>Nuestra misi\u00f3n en John Watson Law Group, LLC es proporcionar servicios legales excepcionales a nuestros clientes. Nos esforzamos por mantener los m\u00e1s altos est\u00e1ndares \u00e9ticos mientras abogamos por los derechos legales de nuestros clientes. Nuestro objetivo es lograr resultados legales y asegurarnos de que nuestros clientes est\u00e9n satisfechos con los servicios que brindamos. Nuestra misi\u00f3n es tener un impacto positivo en la vida de nuestros clientes y brindarles la orientaci\u00f3n que necesitan durante situaciones legales dif\u00edciles.                                    <\/li>\n                                                                    <\/ul>\n                            <\/div>\n                        <\/div>\n                    <\/div>\n                <\/div>\n            <\/div>\n        <\/div>\n    <\/section>\n    <!-- End About Section -->\n                \n    \t\t\t\t<\/div>\n\t\t\t\t<\/div>\n\t\t\t\t\t<\/div>\n\t\t<\/div>\n\t\t\t\t\t<\/div>\n\t\t<\/section>\n\t\t\t\t<section class=\"elementor-section elementor-top-section elementor-element elementor-element-1a3056c5 elementor-section-boxed elementor-section-height-default elementor-section-height-default\" data-id=\"1a3056c5\" data-element_type=\"section\" id=\"xs_fun_3\" data-settings=\"{&quot;background_background&quot;:&quot;classic&quot;}\">\n\t\t\t\t\t\t<div class=\"elementor-container elementor-column-gap-default\">\n\t\t\t\t\t<div class=\"elementor-column elementor-col-100 elementor-top-column elementor-element elementor-element-3f32f309\" data-id=\"3f32f309\" data-element_type=\"column\">\n\t\t\t<div class=\"elementor-widget-wrap elementor-element-populated\">\n\t\t\t\t\t\t<section class=\"elementor-section elementor-inner-section elementor-element elementor-element-01fc807 elementor-section-boxed elementor-section-height-default elementor-section-height-default elementor-invisible\" data-id=\"01fc807\" data-element_type=\"section\" data-settings=\"{&quot;background_background&quot;:&quot;classic&quot;,&quot;animation&quot;:&quot;fadeInDown&quot;}\">\n\t\t\t\t\t\t<div class=\"elementor-container elementor-column-gap-default\">\n\t\t\t\t\t<div class=\"elementor-column elementor-col-25 elementor-inner-column elementor-element elementor-element-7d2bf31\" data-id=\"7d2bf31\" data-element_type=\"column\">\n\t\t\t<div class=\"elementor-widget-wrap elementor-element-populated\">\n\t\t\t\t\t\t<div class=\"elementor-element elementor-element-a58949b elementor-widget-tablet__width-initial elementor-invisible elementor-widget elementor-widget-image\" data-id=\"a58949b\" data-element_type=\"widget\" data-settings=\"{&quot;_animation&quot;:&quot;zoomIn&quot;}\" data-widget_type=\"image.default\">\n\t\t\t\t<div class=\"elementor-widget-container\">\n\t\t\t\t\t\t\t\t\t\t\t\t\t\t\t<img decoding=\"async\" width=\"150\" height=\"117\" src=\"https:\/\/www.jwlg.co\/wp-content\/uploads\/2023\/08\/AV-logo-5.webp\" class=\"attachment-large size-large wp-image-2695\" alt=\"\" \/>\t\t\t\t\t\t\t\t\t\t\t\t\t\t\t<\/div>\n\t\t\t\t<\/div>\n\t\t\t\t\t<\/div>\n\t\t<\/div>\n\t\t\t\t<div class=\"elementor-column elementor-col-25 elementor-inner-column elementor-element elementor-element-1925de7\" data-id=\"1925de7\" data-element_type=\"column\">\n\t\t\t<div class=\"elementor-widget-wrap elementor-element-populated\">\n\t\t\t\t\t\t<div class=\"elementor-element elementor-element-bd9da52 elementor-view-default elementor-invisible elementor-widget elementor-widget-icon\" data-id=\"bd9da52\" data-element_type=\"widget\" data-settings=\"{&quot;_animation&quot;:&quot;zoomIn&quot;}\" data-widget_type=\"icon.default\">\n\t\t\t\t<div class=\"elementor-widget-container\">\n\t\t\t\t\t\t\t<div class=\"elementor-icon-wrapper\">\n\t\t\t<div class=\"elementor-icon\">\n\t\t\t<i aria-hidden=\"true\" class=\"fas fa-handshake\"><\/i>\t\t\t<\/div>\n\t\t<\/div>\n\t\t\t\t\t\t<\/div>\n\t\t\t\t<\/div>\n\t\t\t\t<div class=\"elementor-element elementor-element-49a6642 elementor-widget elementor-widget-counter\" data-id=\"49a6642\" data-element_type=\"widget\" data-widget_type=\"counter.default\">\n\t\t\t\t<div class=\"elementor-widget-container\">\n\t\t\t\t\t\t\t<div class=\"elementor-counter\">\n\t\t\t<div class=\"elementor-counter-title translation-block\">Combined years of <br> experience<\/div>\t\t\t<div class=\"elementor-counter-number-wrapper\">\n\t\t\t\t<span class=\"elementor-counter-number-prefix\">+<\/span>\n\t\t\t\t<span class=\"elementor-counter-number\" data-duration=\"1500\" data-to-value=\"50\" data-from-value=\"0\">0<\/span>\n\t\t\t\t<span class=\"elementor-counter-number-suffix\"><\/span>\n\t\t\t<\/div>\n\t\t<\/div>\n\t\t\t\t\t\t<\/div>\n\t\t\t\t<\/div>\n\t\t\t\t\t<\/div>\n\t\t<\/div>\n\t\t\t\t<div class=\"elementor-column elementor-col-25 elementor-inner-column elementor-element elementor-element-8314219\" data-id=\"8314219\" data-element_type=\"column\">\n\t\t\t<div class=\"elementor-widget-wrap elementor-element-populated\">\n\t\t\t\t\t\t<div class=\"elementor-element elementor-element-293ec38 elementor-view-default elementor-invisible elementor-widget elementor-widget-icon\" data-id=\"293ec38\" data-element_type=\"widget\" data-settings=\"{&quot;_animation&quot;:&quot;zoomIn&quot;}\" data-widget_type=\"icon.default\">\n\t\t\t\t<div class=\"elementor-widget-container\">\n\t\t\t\t\t\t\t<div class=\"elementor-icon-wrapper\">\n\t\t\t<div class=\"elementor-icon\">\n\t\t\t<i aria-hidden=\"true\" class=\"fas fa-comments\"><\/i>\t\t\t<\/div>\n\t\t<\/div>\n\t\t\t\t\t\t<\/div>\n\t\t\t\t<\/div>\n\t\t\t\t<div class=\"elementor-element elementor-element-cad868c elementor-widget-tablet__width-initial elementor-widget elementor-widget-counter\" data-id=\"cad868c\" data-element_type=\"widget\" data-widget_type=\"counter.default\">\n\t\t\t\t<div class=\"elementor-widget-container\">\n\t\t\t\t\t\t\t<div class=\"elementor-counter\">\n\t\t\t<div class=\"elementor-counter-title\">Languages \u200b\u200b<\/div>\t\t\t<div class=\"elementor-counter-number-wrapper\">\n\t\t\t\t<span class=\"elementor-counter-number-prefix\"><\/span>\n\t\t\t\t<span class=\"elementor-counter-number\" data-duration=\"1000\" data-to-value=\"4\" data-from-value=\"0\">0<\/span>\n\t\t\t\t<span class=\"elementor-counter-number-suffix\"><\/span>\n\t\t\t<\/div>\n\t\t<\/div>\n\t\t\t\t\t\t<\/div>\n\t\t\t\t<\/div>\n\t\t\t\t\t<\/div>\n\t\t<\/div>\n\t\t\t\t<div class=\"elementor-column elementor-col-25 elementor-inner-column elementor-element elementor-element-4cb3a01\" data-id=\"4cb3a01\" data-element_type=\"column\">\n\t\t\t<div class=\"elementor-widget-wrap elementor-element-populated\">\n\t\t\t\t\t\t<div class=\"elementor-element elementor-element-be948a0 elementor-view-default elementor-invisible elementor-widget elementor-widget-icon\" data-id=\"be948a0\" data-element_type=\"widget\" data-settings=\"{&quot;_animation&quot;:&quot;zoomIn&quot;}\" data-widget_type=\"icon.default\">\n\t\t\t\t<div class=\"elementor-widget-container\">\n\t\t\t\t\t\t\t<div class=\"elementor-icon-wrapper\">\n\t\t\t<div class=\"elementor-icon\">\n\t\t\t<i aria-hidden=\"true\" class=\"fas fa-heart\"><\/i>\t\t\t<\/div>\n\t\t<\/div>\n\t\t\t\t\t\t<\/div>\n\t\t\t\t<\/div>\n\t\t\t\t<div class=\"elementor-element elementor-element-8a3158f elementor-widget-tablet__width-initial elementor-widget elementor-widget-counter\" data-id=\"8a3158f\" data-element_type=\"widget\" data-widget_type=\"counter.default\">\n\t\t\t\t<div class=\"elementor-widget-container\">\n\t\t\t\t\t\t\t<div class=\"elementor-counter\">\n\t\t\t<div class=\"elementor-counter-title\">Satisfaction Clients<\/div>\t\t\t<div class=\"elementor-counter-number-wrapper\">\n\t\t\t\t<span class=\"elementor-counter-number-prefix\">+<\/span>\n\t\t\t\t<span class=\"elementor-counter-number\" data-duration=\"2500\" data-to-value=\"500\" data-from-value=\"0\">0<\/span>\n\t\t\t\t<span class=\"elementor-counter-number-suffix\"><\/span>\n\t\t\t<\/div>\n\t\t<\/div>\n\t\t\t\t\t\t<\/div>\n\t\t\t\t<\/div>\n\t\t\t\t\t<\/div>\n\t\t<\/div>\n\t\t\t\t\t<\/div>\n\t\t<\/section>\n\t\t\t\t\t<\/div>\n\t\t<\/div>\n\t\t\t\t\t<\/div>\n\t\t<\/section>\n\t\t\t\t<section class=\"elementor-section elementor-top-section elementor-element elementor-element-115babc elementor-section-boxed elementor-section-height-default elementor-section-height-default\" data-id=\"115babc\" data-element_type=\"section\">\n\t\t\t\t\t\t<div class=\"elementor-container elementor-column-gap-default\">\n\t\t\t\t\t<div class=\"elementor-column elementor-col-100 elementor-top-column elementor-element elementor-element-76b96e8\" data-id=\"76b96e8\" data-element_type=\"column\">\n\t\t\t<div class=\"elementor-widget-wrap elementor-element-populated\">\n\t\t\t\t\t\t<div class=\"elementor-element elementor-element-4c57189 elementor-widget elementor-widget-spacer\" data-id=\"4c57189\" data-element_type=\"widget\" data-widget_type=\"spacer.default\">\n\t\t\t\t<div class=\"elementor-widget-container\">\n\t\t\t\t\t\t\t<div class=\"elementor-spacer\">\n\t\t\t<div class=\"elementor-spacer-inner\"><\/div>\n\t\t<\/div>\n\t\t\t\t\t\t<\/div>\n\t\t\t\t<\/div>\n\t\t\t\t\t<\/div>\n\t\t<\/div>\n\t\t\t\t\t<\/div>\n\t\t<\/section>\n\t\t\t\t<section class=\"elementor-section elementor-top-section elementor-element elementor-element-f1b3c34 elementor-section-boxed elementor-section-height-default elementor-section-height-default\" data-id=\"f1b3c34\" data-element_type=\"section\">\n\t\t\t\t\t\t<div class=\"elementor-container elementor-column-gap-default\">\n\t\t\t\t\t<div class=\"elementor-column elementor-col-100 elementor-top-column elementor-element elementor-element-dc0ed82\" data-id=\"dc0ed82\" data-element_type=\"column\">\n\t\t\t<div class=\"elementor-widget-wrap elementor-element-populated\">\n\t\t\t\t\t\t<div class=\"elementor-element elementor-element-9b78e82 elementor-widget elementor-widget-spacer\" data-id=\"9b78e82\" data-element_type=\"widget\" data-widget_type=\"spacer.default\">\n\t\t\t\t<div class=\"elementor-widget-container\">\n\t\t\t\t\t\t\t<div class=\"elementor-spacer\">\n\t\t\t<div class=\"elementor-spacer-inner\"><\/div>\n\t\t<\/div>\n\t\t\t\t\t\t<\/div>\n\t\t\t\t<\/div>\n\t\t\t\t\t<\/div>\n\t\t<\/div>\n\t\t\t\t\t<\/div>\n\t\t<\/section>\n\t\t\t\t<\/div>","protected":false},"excerpt":{"rendered":"<p>WHERE YOU WILL HEAR, WHAT YOU NEED TO HEAR John Watson Law Group, LLC is a law firm that specializes in various areas of law, including personal injury and commercial law. Our experienced attorneys will provide a COMPLIMENTARY consultation, if desired Our attorneys have over 55 years legal experience combine. We are committed to providing [&hellip;]<\/p>","protected":false},"author":1,"featured_media":0,"parent":0,"menu_order":0,"comment_status":"closed","ping_status":"closed","template":"elementor_header_footer","meta":{"footnotes":""},"class_list":["post-342","page","type-page","status-publish","hentry"],"_links":{"self":[{"href":"https:\/\/www.jwlg.co\/es\/wp-json\/wp\/v2\/pages\/342","targetHints":{"allow":["GET"]}}],"collection":[{"href":"https:\/\/www.jwlg.co\/es\/wp-json\/wp\/v2\/pages"}],"about":[{"href":"https:\/\/www.jwlg.co\/es\/wp-json\/wp\/v2\/types\/page"}],"author":[{"embeddable":true,"href":"https:\/\/www.jwlg.co\/es\/wp-json\/wp\/v2\/users\/1"}],"replies":[{"embeddable":true,"href":"https:\/\/www.jwlg.co\/es\/wp-json\/wp\/v2\/comments?post=342"}],"version-history":[{"count":15,"href":"https:\/\/www.jwlg.co\/es\/wp-json\/wp\/v2\/pages\/342\/revisions"}],"predecessor-version":[{"id":3624,"href":"https:\/\/www.jwlg.co\/es\/wp-json\/wp\/v2\/pages\/342\/revisions\/3624"}],"wp:attachment":[{"href":"https:\/\/www.jwlg.co\/es\/wp-json\/wp\/v2\/media?parent=342"}],"curies":[{"name":"wp","href":"https:\/\/api.w.org\/{rel}","templated":true}]}}