{"id":439,"date":"2022-01-12T05:08:59","date_gmt":"2022-01-12T05:08:59","guid":{"rendered":"https:\/\/themexriver.com\/wp\/nextlaw\/?page_id=439"},"modified":"2025-08-29T15:39:57","modified_gmt":"2025-08-29T15:39:57","slug":"team-detail","status":"publish","type":"page","link":"https:\/\/www.jwlg.co\/es\/team-detail\/","title":{"rendered":"Team Detail"},"content":{"rendered":"<div data-elementor-type=\"wp-page\" data-elementor-id=\"439\" class=\"elementor elementor-439\" data-elementor-post-type=\"page\">\n\t\t\t\t\t\t<section class=\"elementor-section elementor-top-section elementor-element elementor-element-b4ad45a elementor-section-height-min-height elementor-section-boxed elementor-section-height-default elementor-section-items-middle\" data-id=\"b4ad45a\" data-element_type=\"section\" data-settings=\"{&quot;background_background&quot;:&quot;classic&quot;}\">\n\t\t\t\t\t\t\t<div class=\"elementor-background-overlay\"><\/div>\n\t\t\t\t\t\t\t<div class=\"elementor-container elementor-column-gap-no\">\n\t\t\t\t\t<div class=\"elementor-column elementor-col-100 elementor-top-column elementor-element elementor-element-fb42549\" data-id=\"fb42549\" data-element_type=\"column\">\n\t\t\t<div class=\"elementor-widget-wrap elementor-element-populated\">\n\t\t\t\t\t\t<div class=\"elementor-element elementor-element-9af47c5 elementor-invisible elementor-widget elementor-widget-heading\" data-id=\"9af47c5\" data-element_type=\"widget\" data-settings=\"{&quot;_animation&quot;:&quot;fadeInLeft&quot;}\" data-widget_type=\"heading.default\">\n\t\t\t\t<div class=\"elementor-widget-container\">\n\t\t\t\t\t<h2 class=\"elementor-heading-title elementor-size-default\"><br><br>\n<\/h2>\t\t\t\t<\/div>\n\t\t\t\t<\/div>\n\t\t\t\t\t<\/div>\n\t\t<\/div>\n\t\t\t\t\t<\/div>\n\t\t<\/section>\n\t\t\t\t<section class=\"elementor-section elementor-top-section elementor-element elementor-element-44e5346 elementor-section-boxed elementor-section-height-default elementor-section-height-default\" data-id=\"44e5346\" data-element_type=\"section\" data-settings=\"{&quot;background_background&quot;:&quot;classic&quot;}\">\n\t\t\t\t\t\t<div class=\"elementor-container elementor-column-gap-no\">\n\t\t\t\t\t<div class=\"elementor-column elementor-col-50 elementor-top-column elementor-element elementor-element-6a3e4a8\" data-id=\"6a3e4a8\" data-element_type=\"column\" data-settings=\"{&quot;background_background&quot;:&quot;classic&quot;}\">\n\t\t\t<div class=\"elementor-widget-wrap elementor-element-populated\">\n\t\t\t\t\t\t<div class=\"elementor-element elementor-element-13253a7 elementor-widget elementor-widget-image\" data-id=\"13253a7\" data-element_type=\"widget\" data-widget_type=\"image.default\">\n\t\t\t\t<div class=\"elementor-widget-container\">\n\t\t\t\t\t\t\t\t\t\t\t\t\t\t\t<img fetchpriority=\"high\" decoding=\"async\" width=\"470\" height=\"457\" src=\"https:\/\/www.jwlg.co\/wp-content\/uploads\/2023\/07\/John-4-2-2.webp\" class=\"attachment-large size-large wp-image-2273\" alt=\"\" srcset=\"https:\/\/www.jwlg.co\/wp-content\/uploads\/2023\/07\/John-4-2-2.webp 470w, https:\/\/www.jwlg.co\/wp-content\/uploads\/2023\/07\/John-4-2-2-300x292.webp 300w, https:\/\/www.jwlg.co\/wp-content\/uploads\/2023\/07\/John-4-2-2-49x49.webp 49w\" sizes=\"(max-width: 470px) 100vw, 470px\" \/>\t\t\t\t\t\t\t\t\t\t\t\t\t\t\t<\/div>\n\t\t\t\t<\/div>\n\t\t\t\t<div class=\"elementor-element elementor-element-2a04eaa elementor-widget elementor-widget-heading\" data-id=\"2a04eaa\" data-element_type=\"widget\" data-widget_type=\"heading.default\">\n\t\t\t\t<div class=\"elementor-widget-container\">\n\t\t\t\t\t<h2 class=\"elementor-heading-title elementor-size-default\">John Howard Watson<\/h2>\t\t\t\t<\/div>\n\t\t\t\t<\/div>\n\t\t\t\t<div class=\"elementor-element elementor-element-5050410 elementor-widget elementor-widget-spacer\" data-id=\"5050410\" data-element_type=\"widget\" data-widget_type=\"spacer.default\">\n\t\t\t\t<div class=\"elementor-widget-container\">\n\t\t\t\t\t\t\t<div class=\"elementor-spacer\">\n\t\t\t<div class=\"elementor-spacer-inner\"><\/div>\n\t\t<\/div>\n\t\t\t\t\t\t<\/div>\n\t\t\t\t<\/div>\n\t\t\t\t\t<\/div>\n\t\t<\/div>\n\t\t\t\t<div class=\"elementor-column elementor-col-50 elementor-top-column elementor-element elementor-element-daddf5c\" data-id=\"daddf5c\" data-element_type=\"column\">\n\t\t\t<div class=\"elementor-widget-wrap elementor-element-populated\">\n\t\t\t\t\t\t<div class=\"elementor-element elementor-element-062d29b elementor-widget elementor-widget-heading\" data-id=\"062d29b\" data-element_type=\"widget\" data-widget_type=\"heading.default\">\n\t\t\t\t<div class=\"elementor-widget-container\">\n\t\t\t\t\t<h4 class=\"elementor-heading-title elementor-size-default\">Educaci\u00f3n<\/h4>\t\t\t\t<\/div>\n\t\t\t\t<\/div>\n\t\t\t\t<div class=\"elementor-element elementor-element-b412414 elementor-widget-divider--view-line elementor-widget elementor-widget-divider\" data-id=\"b412414\" data-element_type=\"widget\" data-widget_type=\"divider.default\">\n\t\t\t\t<div class=\"elementor-widget-container\">\n\t\t\t\t\t\t\t<div class=\"elementor-divider\">\n\t\t\t<span class=\"elementor-divider-separator\">\n\t\t\t\t\t\t<\/span>\n\t\t<\/div>\n\t\t\t\t\t\t<\/div>\n\t\t\t\t<\/div>\n\t\t\t\t<div class=\"elementor-element elementor-element-de46004 elementor-widget elementor-widget-text-editor\" data-id=\"de46004\" data-element_type=\"widget\" data-widget_type=\"text-editor.default\">\n\t\t\t\t<div class=\"elementor-widget-container\">\n\t\t\t\t\t\t\t\t\t<p><b>Doctor en Jurisprudencia, 1973<\/b><br \/>Universidad de Georgia Facultad de Derecho, Atenas, Georgia<\/p><p><b>Licenciatura en Ciencias, 1969<\/b><br \/>Biolog\u00eda; Sociedad de Honor Biol\u00f3gica Beta Beta Beta<br \/>Universidad Estatal de Georgia Atlanta, Georgia<\/p><p><b>Diploma de Preparaci\u00f3n Universitaria, 1964<\/b><br \/>Academia Militar de Georgia, College Park, Georgia<\/p>\t\t\t\t\t\t\t\t<\/div>\n\t\t\t\t<\/div>\n\t\t\t\t<div class=\"elementor-element elementor-element-2cee697 elementor-widget elementor-widget-heading\" data-id=\"2cee697\" data-element_type=\"widget\" data-widget_type=\"heading.default\">\n\t\t\t\t<div class=\"elementor-widget-container\">\n\t\t\t\t\t<h4 class=\"elementor-heading-title elementor-size-default\">Profesional<\/h4>\t\t\t\t<\/div>\n\t\t\t\t<\/div>\n\t\t\t\t<div class=\"elementor-element elementor-element-0187207 elementor-widget-divider--view-line elementor-widget elementor-widget-divider\" data-id=\"0187207\" data-element_type=\"widget\" data-widget_type=\"divider.default\">\n\t\t\t\t<div class=\"elementor-widget-container\">\n\t\t\t\t\t\t\t<div class=\"elementor-divider\">\n\t\t\t<span class=\"elementor-divider-separator\">\n\t\t\t\t\t\t<\/span>\n\t\t<\/div>\n\t\t\t\t\t\t<\/div>\n\t\t\t\t<\/div>\n\t\t\t\t<div class=\"elementor-element elementor-element-9cf41a0 elementor-widget elementor-widget-text-editor\" data-id=\"9cf41a0\" data-element_type=\"widget\" data-widget_type=\"text-editor.default\">\n\t\t\t\t<div class=\"elementor-widget-container\">\n\t\t\t\t\t\t\t\t\t<ul>\n \t<li style=\"font-weight: 400;\" aria-level=\"1\"><span style=\"font-weight: 400;\">Admitido en el Colegio de Abogados de Georgia, 1973<\/span><\/li>\n \t<li style=\"font-weight: 400;\" aria-level=\"1\" class=\" translation-block\">Admitido en los tribunales de Georgia, la Corte de Apelaciones y la Corte Suprema, 1973<\/li>\n \t<li style=\"font-weight: 400;\" aria-level=\"1\"><span style=\"font-weight: 400;\">Admitido en el Tribunal de Distrito de los Estados Unidos, Distrito Norte de Georgia<\/span><\/li>\n \t<li style=\"font-weight: 400;\" aria-level=\"1\" class=\" translation-block\">Admitido en el 11\u00ba Circuito de la Corte de Apelaciones de los Estados Unidos<\/li>\n \t<li style=\"font-weight: 400;\" aria-level=\"1\"><span style=\"font-weight: 400;\">Admitido en la Corte Suprema de los Estados Unidos, 1984<\/span><\/li>\n \t<li style=\"font-weight: 400;\" aria-level=\"1\"><span style=\"font-weight: 400;\">Miembro del Panel del Instituto Nacional de Defensa en Juicio<\/span><\/li>\n \t<li style=\"font-weight: 400;\" aria-level=\"1\" class=\" translation-block\">Calificaci\u00f3n AV\u00ae por Martindale-Hubbell desde 1996 hasta la actualidad<\/li>\n \t<li><span style=\"font-weight: 400;\"><span style=\"font-weight: 400;\">Mediador y Arbitrador Capacitado<\/span><\/span><\/li>\n<\/ul>\t\t\t\t\t\t\t\t<\/div>\n\t\t\t\t<\/div>\n\t\t\t\t<div class=\"elementor-element elementor-element-2f8d58a elementor-widget elementor-widget-heading\" data-id=\"2f8d58a\" data-element_type=\"widget\" data-widget_type=\"heading.default\">\n\t\t\t\t<div class=\"elementor-widget-container\">\n\t\t\t\t\t<h4 class=\"elementor-heading-title elementor-size-default\">Casos de Negocios Ejemplo<\/h4>\t\t\t\t<\/div>\n\t\t\t\t<\/div>\n\t\t\t\t<div class=\"elementor-element elementor-element-808cc09 elementor-widget-divider--view-line elementor-widget elementor-widget-divider\" data-id=\"808cc09\" data-element_type=\"widget\" data-widget_type=\"divider.default\">\n\t\t\t\t<div class=\"elementor-widget-container\">\n\t\t\t\t\t\t\t<div class=\"elementor-divider\">\n\t\t\t<span class=\"elementor-divider-separator\">\n\t\t\t\t\t\t<\/span>\n\t\t<\/div>\n\t\t\t\t\t\t<\/div>\n\t\t\t\t<\/div>\n\t\t\t\t<div class=\"elementor-element elementor-element-c6cb074 elementor-widget elementor-widget-text-editor\" data-id=\"c6cb074\" data-element_type=\"widget\" data-widget_type=\"text-editor.default\">\n\t\t\t\t<div class=\"elementor-widget-container\">\n\t\t\t\t\t\t\t\t\t<p class=\" translation-block\">Kelly v Parker, et al, Tribunal Superior del Condado de Cobb, Georgia,<\/p><p><span style=\"font-weight: 400;\">N\u00famero de Caso 00-1-04805-22, fraude y RICO, $35,000,000:\u00a0<\/span><\/p><p>Microvitec, Inc. V. Computone, Inc, 1992 WL 1351025, juicio de seis d\u00edas, veredicto del jurado por $762,000; Reed v. Burns Intern. Sec. Svc, Inc..<\/p><p class=\" translation-block\">215 Ga. App.60, 449 S.E.2d 888 (1994); Mercedes Benz Credit<\/p><p class=\" translation-block\">v Shields, 199 Ga.App. 89, 403 S.E.2d 891(1991);<\/p><p>Jonesv. Burlington Industries, Inc., 196 Ga. App. 834, 397 S.E.2d 174 (1990)\u00a0<span style=\"font-weight: 400;\">(1990).<\/span><\/p>\t\t\t\t\t\t\t\t<\/div>\n\t\t\t\t<\/div>\n\t\t\t\t<div class=\"elementor-element elementor-element-31a1ee3 elementor-widget elementor-widget-heading\" data-id=\"31a1ee3\" data-element_type=\"widget\" data-widget_type=\"heading.default\">\n\t\t\t\t<div class=\"elementor-widget-container\">\n\t\t\t\t\t<h4 class=\"elementor-heading-title elementor-size-default\">Personal<\/h4>\t\t\t\t<\/div>\n\t\t\t\t<\/div>\n\t\t\t\t<div class=\"elementor-element elementor-element-28a37c2 elementor-widget-divider--view-line elementor-widget elementor-widget-divider\" data-id=\"28a37c2\" data-element_type=\"widget\" data-widget_type=\"divider.default\">\n\t\t\t\t<div class=\"elementor-widget-container\">\n\t\t\t\t\t\t\t<div class=\"elementor-divider\">\n\t\t\t<span class=\"elementor-divider-separator\">\n\t\t\t\t\t\t<\/span>\n\t\t<\/div>\n\t\t\t\t\t\t<\/div>\n\t\t\t\t<\/div>\n\t\t\t\t<div class=\"elementor-element elementor-element-da496d3 elementor-widget elementor-widget-text-editor\" data-id=\"da496d3\" data-element_type=\"widget\" data-widget_type=\"text-editor.default\">\n\t\t\t\t<div class=\"elementor-widget-container\">\n\t\t\t\t\t\t\t\t\t<p><span style=\"font-weight: 400;\">John vive en East Cobb con su esposa y dos perros. Disfruta de la familia, actividades al aire libre y tiro competitivo.<\/span><\/p>\t\t\t\t\t\t\t\t<\/div>\n\t\t\t\t<\/div>\n\t\t\t\t\t<\/div>\n\t\t<\/div>\n\t\t\t\t\t<\/div>\n\t\t<\/section>\n\t\t\t\t<section class=\"elementor-section elementor-top-section elementor-element elementor-element-bd8e358 elementor-section-boxed elementor-section-height-default elementor-section-height-default\" data-id=\"bd8e358\" data-element_type=\"section\" data-settings=\"{&quot;background_background&quot;:&quot;classic&quot;}\">\n\t\t\t\t\t\t<div class=\"elementor-container elementor-column-gap-no\">\n\t\t\t\t\t<div class=\"elementor-column elementor-col-50 elementor-top-column elementor-element elementor-element-a3f5678\" data-id=\"a3f5678\" data-element_type=\"column\" data-settings=\"{&quot;background_background&quot;:&quot;classic&quot;}\">\n\t\t\t<div class=\"elementor-widget-wrap elementor-element-populated\">\n\t\t\t\t\t\t<div class=\"elementor-element elementor-element-9514cd1 elementor-widget elementor-widget-spacer\" data-id=\"9514cd1\" data-element_type=\"widget\" data-widget_type=\"spacer.default\">\n\t\t\t\t<div class=\"elementor-widget-container\">\n\t\t\t\t\t\t\t<div class=\"elementor-spacer\">\n\t\t\t<div class=\"elementor-spacer-inner\"><\/div>\n\t\t<\/div>\n\t\t\t\t\t\t<\/div>\n\t\t\t\t<\/div>\n\t\t\t\t<div class=\"elementor-element elementor-element-3c861c1 elementor-widget elementor-widget-image\" data-id=\"3c861c1\" data-element_type=\"widget\" data-widget_type=\"image.default\">\n\t\t\t\t<div class=\"elementor-widget-container\">\n\t\t\t\t\t\t\t\t\t\t\t\t\t\t\t<img decoding=\"async\" width=\"525\" height=\"525\" src=\"https:\/\/www.jwlg.co\/wp-content\/uploads\/2025\/05\/earl.jpg\" class=\"attachment-large size-large wp-image-3486\" alt=\"Earl Lawson Profile Photo\" srcset=\"https:\/\/www.jwlg.co\/wp-content\/uploads\/2025\/05\/earl.jpg 800w, https:\/\/www.jwlg.co\/wp-content\/uploads\/2025\/05\/earl-300x300.jpg 300w, https:\/\/www.jwlg.co\/wp-content\/uploads\/2025\/05\/earl-150x150.jpg 150w, https:\/\/www.jwlg.co\/wp-content\/uploads\/2025\/05\/earl-768x768.jpg 768w, https:\/\/www.jwlg.co\/wp-content\/uploads\/2025\/05\/earl-12x12.jpg 12w, https:\/\/www.jwlg.co\/wp-content\/uploads\/2025\/05\/earl-80x80.jpg 80w, https:\/\/www.jwlg.co\/wp-content\/uploads\/2025\/05\/earl-49x49.jpg 49w, https:\/\/www.jwlg.co\/wp-content\/uploads\/2025\/05\/earl-120x120.jpg 120w, https:\/\/www.jwlg.co\/wp-content\/uploads\/2025\/05\/earl-128x128.jpg 128w, https:\/\/www.jwlg.co\/wp-content\/uploads\/2025\/05\/earl-376x375.jpg 376w, https:\/\/www.jwlg.co\/wp-content\/uploads\/2025\/05\/earl-240x240.jpg 240w, https:\/\/www.jwlg.co\/wp-content\/uploads\/2025\/05\/earl-66x66.jpg 66w\" sizes=\"(max-width: 525px) 100vw, 525px\" \/>\t\t\t\t\t\t\t\t\t\t\t\t\t\t\t<\/div>\n\t\t\t\t<\/div>\n\t\t\t\t<div class=\"elementor-element elementor-element-28dc038 elementor-widget elementor-widget-heading\" data-id=\"28dc038\" data-element_type=\"widget\" data-widget_type=\"heading.default\">\n\t\t\t\t<div class=\"elementor-widget-container\">\n\t\t\t\t\t<h2 class=\"elementor-heading-title elementor-size-default\">Earl Lawson<\/h2>\t\t\t\t<\/div>\n\t\t\t\t<\/div>\n\t\t\t\t\t<\/div>\n\t\t<\/div>\n\t\t\t\t<div class=\"elementor-column elementor-col-50 elementor-top-column elementor-element elementor-element-3a0163d\" data-id=\"3a0163d\" data-element_type=\"column\">\n\t\t\t<div class=\"elementor-widget-wrap elementor-element-populated\">\n\t\t\t\t\t\t<div class=\"elementor-element elementor-element-78c92f5 elementor-widget elementor-widget-spacer\" data-id=\"78c92f5\" data-element_type=\"widget\" data-widget_type=\"spacer.default\">\n\t\t\t\t<div class=\"elementor-widget-container\">\n\t\t\t\t\t\t\t<div class=\"elementor-spacer\">\n\t\t\t<div class=\"elementor-spacer-inner\"><\/div>\n\t\t<\/div>\n\t\t\t\t\t\t<\/div>\n\t\t\t\t<\/div>\n\t\t\t\t<div class=\"elementor-element elementor-element-c477472 elementor-widget elementor-widget-heading\" data-id=\"c477472\" data-element_type=\"widget\" data-widget_type=\"heading.default\">\n\t\t\t\t<div class=\"elementor-widget-container\">\n\t\t\t\t\t<h4 class=\"elementor-heading-title elementor-size-default\">Educaci\u00f3n<\/h4>\t\t\t\t<\/div>\n\t\t\t\t<\/div>\n\t\t\t\t<div class=\"elementor-element elementor-element-4c830d1 elementor-widget-divider--view-line elementor-widget elementor-widget-divider\" data-id=\"4c830d1\" data-element_type=\"widget\" data-widget_type=\"divider.default\">\n\t\t\t\t<div class=\"elementor-widget-container\">\n\t\t\t\t\t\t\t<div class=\"elementor-divider\">\n\t\t\t<span class=\"elementor-divider-separator\">\n\t\t\t\t\t\t<\/span>\n\t\t<\/div>\n\t\t\t\t\t\t<\/div>\n\t\t\t\t<\/div>\n\t\t\t\t<div class=\"elementor-element elementor-element-b951b07 elementor-widget elementor-widget-text-editor\" data-id=\"b951b07\" data-element_type=\"widget\" data-widget_type=\"text-editor.default\">\n\t\t\t\t<div class=\"elementor-widget-container\">\n\t\t\t\t\t\t\t\t\t<b>Juris Doctor, 1990 <\/b> <br\/>\nUniversity of Alabama School of Law <br\/>\n\n<b>Bachelor of Science in Economics, 1987<\/b> <br\/>\nUniversity of Alabama\t\t\t\t\t\t\t\t<\/div>\n\t\t\t\t<\/div>\n\t\t\t\t<div class=\"elementor-element elementor-element-bcc7ced elementor-widget elementor-widget-heading\" data-id=\"bcc7ced\" data-element_type=\"widget\" data-widget_type=\"heading.default\">\n\t\t\t\t<div class=\"elementor-widget-container\">\n\t\t\t\t\t<h4 class=\"elementor-heading-title elementor-size-default\">Profesional<\/h4>\t\t\t\t<\/div>\n\t\t\t\t<\/div>\n\t\t\t\t<div class=\"elementor-element elementor-element-b80bf58 elementor-widget-divider--view-line elementor-widget elementor-widget-divider\" data-id=\"b80bf58\" data-element_type=\"widget\" data-widget_type=\"divider.default\">\n\t\t\t\t<div class=\"elementor-widget-container\">\n\t\t\t\t\t\t\t<div class=\"elementor-divider\">\n\t\t\t<span class=\"elementor-divider-separator\">\n\t\t\t\t\t\t<\/span>\n\t\t<\/div>\n\t\t\t\t\t\t<\/div>\n\t\t\t\t<\/div>\n\t\t\t\t<div class=\"elementor-element elementor-element-c6f282f elementor-widget elementor-widget-text-editor\" data-id=\"c6f282f\" data-element_type=\"widget\" data-widget_type=\"text-editor.default\">\n\t\t\t\t<div class=\"elementor-widget-container\">\n\t\t\t\t\t\t\t\t\t<ul><li class=\"p1\">Admitted to Alabama State Bar, 1990<\/li><li class=\"p1\">Admitted to all Alabama trial courts, Alabama Court of Civil Appeals; Alabama Court of Criminal Appeals and Supreme Court of Alabama, 1990<\/li><li class=\"p1\">Admitted to United States District Court, N. D., AL and M.D. AL<\/li><li class=\"p1 translation-block\">Admitido en el 11\u00ba Circuito de la Corte de Apelaciones de los Estados Unidos<\/li><li class=\"p1\">AV\u00ae peer rating by Martindale-Hubbell<\/li><li class=\"p2\">Successfully tried numerous lawsuits to a conclusion in various Circuit Courts and Federal Courts all over the State of Alabama<\/li><\/ul>\t\t\t\t\t\t\t\t<\/div>\n\t\t\t\t<\/div>\n\t\t\t\t<div class=\"elementor-element elementor-element-691f0d1 elementor-widget elementor-widget-heading\" data-id=\"691f0d1\" data-element_type=\"widget\" data-widget_type=\"heading.default\">\n\t\t\t\t<div class=\"elementor-widget-container\">\n\t\t\t\t\t<h4 class=\"elementor-heading-title elementor-size-default\">Personal<\/h4>\t\t\t\t<\/div>\n\t\t\t\t<\/div>\n\t\t\t\t<div class=\"elementor-element elementor-element-5e24158 elementor-widget-divider--view-line elementor-widget elementor-widget-divider\" data-id=\"5e24158\" data-element_type=\"widget\" data-widget_type=\"divider.default\">\n\t\t\t\t<div class=\"elementor-widget-container\">\n\t\t\t\t\t\t\t<div class=\"elementor-divider\">\n\t\t\t<span class=\"elementor-divider-separator\">\n\t\t\t\t\t\t<\/span>\n\t\t<\/div>\n\t\t\t\t\t\t<\/div>\n\t\t\t\t<\/div>\n\t\t\t\t<div class=\"elementor-element elementor-element-1095eee elementor-widget elementor-widget-text-editor\" data-id=\"1095eee\" data-element_type=\"widget\" data-widget_type=\"text-editor.default\">\n\t\t\t\t<div class=\"elementor-widget-container\">\n\t\t\t\t\t\t\t\t\t<span style=\"font-weight: 400;\">Earl lives in Prattville, Alabama with his wife, Christy.\u00a0 He enjoys family, the outdoors, football, hunting and boating.\u00a0 Earl has completed numerous marathons and half-marathons and still enjoys running and physical fitness.\u00a0 Over the years, Earl has devoted a significant amount of his personal time to the Vestavia Hills Parks and Recreation Board serving as President of that Board in 2018.<\/span>\t\t\t\t\t\t\t\t<\/div>\n\t\t\t\t<\/div>\n\t\t\t\t<div class=\"elementor-element elementor-element-915d99d elementor-widget elementor-widget-spacer\" data-id=\"915d99d\" data-element_type=\"widget\" data-widget_type=\"spacer.default\">\n\t\t\t\t<div class=\"elementor-widget-container\">\n\t\t\t\t\t\t\t<div class=\"elementor-spacer\">\n\t\t\t<div class=\"elementor-spacer-inner\"><\/div>\n\t\t<\/div>\n\t\t\t\t\t\t<\/div>\n\t\t\t\t<\/div>\n\t\t\t\t\t<\/div>\n\t\t<\/div>\n\t\t\t\t\t<\/div>\n\t\t<\/section>\n\t\t\t\t<section class=\"elementor-section elementor-top-section elementor-element elementor-element-5a0b9fa elementor-section-boxed elementor-section-height-default elementor-section-height-default\" data-id=\"5a0b9fa\" data-element_type=\"section\" data-settings=\"{&quot;background_background&quot;:&quot;classic&quot;}\">\n\t\t\t\t\t\t<div class=\"elementor-container elementor-column-gap-default\">\n\t\t\t\t\t<div class=\"elementor-column elementor-col-100 elementor-top-column elementor-element elementor-element-75a94e2\" data-id=\"75a94e2\" data-element_type=\"column\">\n\t\t\t<div class=\"elementor-widget-wrap elementor-element-populated\">\n\t\t\t\t\t\t<div class=\"elementor-element elementor-element-b124b33 elementor-widget elementor-widget-text-editor\" data-id=\"b124b33\" data-element_type=\"widget\" data-widget_type=\"text-editor.default\">\n\t\t\t\t<div class=\"elementor-widget-container\">\n\t\t\t\t\t\t\t\t\t<p>Los materiales en este sitio web se proporcionan solo con fines informativos y no constituyen asesoramiento legal. Este sitio web no tiene la intenci\u00f3n de crear una relaci\u00f3n abogado-cliente entre usted y John Watson Law Group LLC o cualquiera de sus abogados. Ninguna comunicaci\u00f3n a trav\u00e9s de Internet o correo electr\u00f3nico a trav\u00e9s de este sitio web crea una relaci\u00f3n abogado-cliente con John Watson Law Group LLC. No env\u00ede informaci\u00f3n confidencial en respuesta a este sitio web.<\/p>\t\t\t\t\t\t\t\t<\/div>\n\t\t\t\t<\/div>\n\t\t\t\t\t<\/div>\n\t\t<\/div>\n\t\t\t\t\t<\/div>\n\t\t<\/section>\n\t\t\t\t<\/div>","protected":false},"excerpt":{"rendered":"<p>John Howard Watson Education Juris Doctor, 1973University of Georgia School of Law Athens, GA Bachelor of Science, 1969Biology; Beta Beta Beta, Biological Honor SocietyGeorgia State University Atlanta, GA College Preparatory Degree, 1964Georgia Military Academy College Park, GA Professional Admitted to Georgia Bar, 1973 Admitted to Georgia trial courts, Court of Appeals and Supreme Court, 1973 [&hellip;]<\/p>","protected":false},"author":1,"featured_media":1690,"parent":0,"menu_order":0,"comment_status":"closed","ping_status":"closed","template":"elementor_header_footer","meta":{"footnotes":""},"class_list":["post-439","page","type-page","status-publish","has-post-thumbnail","hentry"],"_links":{"self":[{"href":"https:\/\/www.jwlg.co\/es\/wp-json\/wp\/v2\/pages\/439","targetHints":{"allow":["GET"]}}],"collection":[{"href":"https:\/\/www.jwlg.co\/es\/wp-json\/wp\/v2\/pages"}],"about":[{"href":"https:\/\/www.jwlg.co\/es\/wp-json\/wp\/v2\/types\/page"}],"author":[{"embeddable":true,"href":"https:\/\/www.jwlg.co\/es\/wp-json\/wp\/v2\/users\/1"}],"replies":[{"embeddable":true,"href":"https:\/\/www.jwlg.co\/es\/wp-json\/wp\/v2\/comments?post=439"}],"version-history":[{"count":21,"href":"https:\/\/www.jwlg.co\/es\/wp-json\/wp\/v2\/pages\/439\/revisions"}],"predecessor-version":[{"id":3627,"href":"https:\/\/www.jwlg.co\/es\/wp-json\/wp\/v2\/pages\/439\/revisions\/3627"}],"wp:featuredmedia":[{"embeddable":true,"href":"https:\/\/www.jwlg.co\/es\/wp-json\/wp\/v2\/media\/1690"}],"wp:attachment":[{"href":"https:\/\/www.jwlg.co\/es\/wp-json\/wp\/v2\/media?parent=439"}],"curies":[{"name":"wp","href":"https:\/\/api.w.org\/{rel}","templated":true}]}}